{"id":11528,"date":"2024-02-14T08:40:25","date_gmt":"2024-02-14T08:40:25","guid":{"rendered":"https:\/\/damcover.it\/?page_id=11528"},"modified":"2024-10-16T08:57:10","modified_gmt":"2024-10-16T08:57:10","slug":"lavora-con-noi","status":"publish","type":"page","link":"https:\/\/damcover.it\/?page_id=11528","title":{"rendered":"Lavora con Noi"},"content":{"rendered":"\t\t<div data-elementor-type=\"wp-page\" data-elementor-id=\"11528\" class=\"elementor elementor-11528\">\n\t\t\t\t\t\t<div class=\"elementor-section elementor-top-section elementor-element elementor-element-e1db836 elementor-section-height-min-height elementor-section-boxed elementor-section-height-default elementor-section-items-middle wpr-particle-no wpr-jarallax-no wpr-parallax-no wpr-sticky-section-no e-parent\" data-id=\"e1db836\" data-element_type=\"section\" data-settings=\"{&quot;background_background&quot;:&quot;classic&quot;}\">\n\t\t\t\t\t\t\t<div class=\"elementor-background-overlay\"><\/div>\n\t\t\t\t\t\t\t<div class=\"elementor-container elementor-column-gap-default\">\n\t\t\t\t\t<div class=\"elementor-column elementor-col-100 elementor-top-column elementor-element elementor-element-8e45f73 lakit-col-width-auto-no\" data-id=\"8e45f73\" data-element_type=\"column\">\n\t\t\t<div class=\"elementor-widget-wrap elementor-element-populated\">\n\t\t\t\t\t\t<div class=\"elementor-element elementor-element-f56bb77 elementor-widget elementor-widget-heading\" data-id=\"f56bb77\" data-element_type=\"widget\" data-widget_type=\"heading.default\">\n\t\t\t\t<div class=\"elementor-widget-container\">\n\t\t\t<h2 class=\"elementor-heading-title elementor-size-default\">Lavora con Noi<\/h2>\t\t<\/div>\n\t\t\t\t<\/div>\n\t\t\t\t<div class=\"elementor-element elementor-element-0945095 elementor-widget-tablet__width-initial elementor-widget elementor-widget-text-editor\" data-id=\"0945095\" data-element_type=\"widget\" data-widget_type=\"text-editor.default\">\n\t\t\t\t<div class=\"elementor-widget-container\">\n\t\t\t\t\t\t\t<p>La nostra risorsa pi\u00f9 grande \u00e8 nelle persone<\/p>\t\t\t\t\t\t<\/div>\n\t\t\t\t<\/div>\n\t\t\t\t\t<\/div>\n\t\t<\/div>\n\t\t\t\t\t<\/div>\n\t\t<\/div>\n\t\t<div class=\"elementor-element elementor-element-df97ec0 e-flex e-con-boxed lakit-col-width-auto-no wpr-particle-no wpr-jarallax-no wpr-parallax-no wpr-sticky-section-no e-container e-root-container elementor-top-section e-con e-parent\" data-id=\"df97ec0\" data-element_type=\"container\">\n\t\t\t\t\t<div class=\"e-con-inner\">\n\t\t\t\t<div class=\"elementor-element elementor-element-e8de11a elementor-widget elementor-widget-heading\" data-id=\"e8de11a\" data-element_type=\"widget\" data-widget_type=\"heading.default\">\n\t\t\t\t<div class=\"elementor-widget-container\">\n\t\t\t<h2 class=\"elementor-heading-title elementor-size-default\">Inviaci il tuo CV<\/h2>\t\t<\/div>\n\t\t\t\t<\/div>\n\t\t\t\t<div class=\"elementor-element elementor-element-fb0d3ee elementor-widget-divider--view-line elementor-widget elementor-widget-divider\" data-id=\"fb0d3ee\" data-element_type=\"widget\" data-widget_type=\"divider.default\">\n\t\t\t\t<div class=\"elementor-widget-container\">\n\t\t\t\t\t<div class=\"elementor-divider\">\n\t\t\t<span class=\"elementor-divider-separator\">\n\t\t\t\t\t\t<\/span>\n\t\t<\/div>\n\t\t\t\t<\/div>\n\t\t\t\t<\/div>\n\t\t\t\t<div class=\"elementor-element elementor-element-059cbfa elementor-widget elementor-widget-text-editor\" data-id=\"059cbfa\" data-element_type=\"widget\" data-widget_type=\"text-editor.default\">\n\t\t\t\t<div class=\"elementor-widget-container\">\n\t\t\t\t\t\t\t<p>\u00c8 grazie alle capacit\u00e0 e alle idee di tutti i membri della nostra squadra che siamo cresciuti nel tempo a livello nazionale.<\/p><p>Selezioniamo\u00a0<strong>agenti di commercio<\/strong>, con forte orientamento ai risultati, spirito di squadra e flessibilit\u00e0, interessati a crescere in un contesto dinamico.<\/p><p>Se sei interessato inviaci il tuo curriculum a:\u00a0<a href=\"mailto:info@damcover.it\">info@damcover.it<\/a><\/p>\t\t\t\t\t\t<\/div>\n\t\t\t\t<\/div>\n\t\t\t\t\t<\/div>\n\t\t\t\t<\/div>\n\t\t\t\t<\/div>\n\t\t","protected":false},"excerpt":{"rendered":"<p>Lavora con Noi La nostra risorsa pi\u00f9 grande \u00e8 nelle persone Inviaci il tuo CV \u00c8 grazie alle capacit\u00e0 e alle idee di tutti i membri della nostra squadra che siamo cresciuti nel tempo a livello nazionale.<\/p>\n","protected":false},"author":1,"featured_media":0,"parent":0,"menu_order":0,"comment_status":"closed","ping_status":"closed","template":"","meta":{"_acf_changed":false,"_joinchat":[],"footnotes":""},"class_list":["post-11528","page","type-page","status-publish","hentry"],"acf":[],"_links":{"self":[{"href":"https:\/\/damcover.it\/index.php?rest_route=\/wp\/v2\/pages\/11528","targetHints":{"allow":["GET"]}}],"collection":[{"href":"https:\/\/damcover.it\/index.php?rest_route=\/wp\/v2\/pages"}],"about":[{"href":"https:\/\/damcover.it\/index.php?rest_route=\/wp\/v2\/types\/page"}],"author":[{"embeddable":true,"href":"https:\/\/damcover.it\/index.php?rest_route=\/wp\/v2\/users\/1"}],"replies":[{"embeddable":true,"href":"https:\/\/damcover.it\/index.php?rest_route=%2Fwp%2Fv2%2Fcomments&post=11528"}],"version-history":[{"count":0,"href":"https:\/\/damcover.it\/index.php?rest_route=\/wp\/v2\/pages\/11528\/revisions"}],"wp:attachment":[{"href":"https:\/\/damcover.it\/index.php?rest_route=%2Fwp%2Fv2%2Fmedia&parent=11528"}],"curies":[{"name":"wp","href":"https:\/\/api.w.org\/{rel}","templated":true}]}}